{"id":76,"date":"2020-04-05T17:57:25","date_gmt":"2020-04-05T17:57:25","guid":{"rendered":"https:\/\/pood.annaedasi.ee\/?post_type=product&#038;p=76"},"modified":"2021-12-21T08:32:38","modified_gmt":"2021-12-21T06:32:38","slug":"malmpotipada-kanalihaga-6-le","status":"publish","type":"product","link":"https:\/\/pood.annaedasi.ee\/?product=malmpotipada-kanalihaga-6-le","title":{"rendered":"Malmpotipada kanalihaga 6-le"},"content":{"rendered":"<p>Malmpotis hautatud \u00f5htus\u00f6\u00f6k on alati kindla peale minek, pealegi v\u00e4ga tervislik k\u00f5hut\u00e4is. K\u00fctteperioodil valmistame ahjupaja meie puuk\u00fctteahjus. Olgu suurem v\u00f5i v\u00e4iksem pere, k\u00f5ik saavad s\u00f6\u00f6nuks. Transpordime Teile tellitud toidu malmpotis, ei pea kartma jahtunud ja maitsetut s\u00f6\u00f6ki. T\u00fchja poti saate ise \u00e4ra tuua v\u00f5i meid j\u00e4rgi kutsuda.<\/p>\n<p>Koostis:<\/p>\n<p>Peamiselt eestimaine k\u00f6\u00f6givili &#8211; kartul, kaalikas, punapeet, porgand, bataat, lillkapsas ja ehk midagi veel perenaise valikul. Kodumaine hoolikalt valitud kanaliha, lisandiks v\u00e4rske salat, maitsev\u00f5i, Anna Edasi k\u00e4sit\u00f6\u00f6leib, maitseks sool ja pipar. Soovi korral mugulsibul ja k\u00fc\u00fcslauk<\/p>\n","protected":false},"excerpt":{"rendered":"<p>Malmpotis hautatud \u00f5htus\u00f6\u00f6k on alati kindla peale minek, pealegi v\u00e4ga tervislik k\u00f5hut\u00e4is. K\u00fctteperioodil valmistame ahjupaja meie puuk\u00fctteahjus. Olgu suurem v\u00f5i v\u00e4iksem pere, k\u00f5ik saavad s\u00f6\u00f6nuks. Transpordime Teile tellitud toidu malmpotis, ei pea kartma jahtunud ja maitsetut s\u00f6\u00f6ki. T\u00fchja poti saate ise \u00e4ra tuua v\u00f5i meid j\u00e4rgi kutsuda. Koostis: Peamiselt eestimaine k\u00f6\u00f6givili &#8211; kartul, kaalikas, punapeet, [&hellip;]<\/p>\n","protected":false},"featured_media":279,"template":"","meta":[],"product_brand":[],"product_cat":[26],"product_tag":[],"class_list":{"0":"post-76","1":"product","2":"type-product","3":"status-publish","4":"has-post-thumbnail","6":"product_cat-soe-toit","8":"first","9":"instock","10":"shipping-taxable","11":"purchasable","12":"product-type-simple"},"jetpack_sharing_enabled":true,"_links":{"self":[{"href":"https:\/\/pood.annaedasi.ee\/index.php?rest_route=\/wp\/v2\/product\/76","targetHints":{"allow":["GET"]}}],"collection":[{"href":"https:\/\/pood.annaedasi.ee\/index.php?rest_route=\/wp\/v2\/product"}],"about":[{"href":"https:\/\/pood.annaedasi.ee\/index.php?rest_route=\/wp\/v2\/types\/product"}],"wp:featuredmedia":[{"embeddable":true,"href":"https:\/\/pood.annaedasi.ee\/index.php?rest_route=\/wp\/v2\/media\/279"}],"wp:attachment":[{"href":"https:\/\/pood.annaedasi.ee\/index.php?rest_route=%2Fwp%2Fv2%2Fmedia&parent=76"}],"wp:term":[{"taxonomy":"product_brand","embeddable":true,"href":"https:\/\/pood.annaedasi.ee\/index.php?rest_route=%2Fwp%2Fv2%2Fproduct_brand&post=76"},{"taxonomy":"product_cat","embeddable":true,"href":"https:\/\/pood.annaedasi.ee\/index.php?rest_route=%2Fwp%2Fv2%2Fproduct_cat&post=76"},{"taxonomy":"product_tag","embeddable":true,"href":"https:\/\/pood.annaedasi.ee\/index.php?rest_route=%2Fwp%2Fv2%2Fproduct_tag&post=76"}],"curies":[{"name":"wp","href":"https:\/\/api.w.org\/{rel}","templated":true}]}}