{"id":71,"date":"2020-04-05T17:39:15","date_gmt":"2020-04-05T17:39:15","guid":{"rendered":"https:\/\/pood.annaedasi.ee\/?post_type=product&#038;p=71"},"modified":"2024-02-01T15:26:17","modified_gmt":"2024-02-01T13:26:17","slug":"peekonikupsis-200-g","status":"publish","type":"product","link":"https:\/\/pood.annaedasi.ee\/?product=peekonikupsis-200-g","title":{"rendered":"Peekonik\u00fcpsis 200 g"},"content":{"rendered":"<p>K\u00e4sit\u00f6\u00f6na meie kohvikus valmistatud k\u00fcpsised on paljude suured lemmikud. Seega telli aegsasti ette. Nagu ikka korralikult valitud tooraine, ei mingeid s\u00e4ilitusained, \u00f5lisid jms.<span class=\"Apple-converted-space\">\u00a0<\/span><\/p>\n<p>Koostis: v\u00f5i, nisujahu, juust, kanamuna, k\u00f6\u00f6mned, peekon, paprikapulber, joogivesi<\/p>\n","protected":false},"excerpt":{"rendered":"<p>K\u00e4sit\u00f6\u00f6na meie kohvikus valmistatud k\u00fcpsised on paljude suured lemmikud. Seega telli aegsasti ette. Nagu ikka korralikult valitud tooraine, ei mingeid s\u00e4ilitusained, \u00f5lisid jms.\u00a0 Koostis: v\u00f5i, nisujahu, juust, kanamuna, k\u00f6\u00f6mned, peekon, paprikapulber, joogivesi<\/p>\n","protected":false},"featured_media":88,"template":"","meta":[],"product_brand":[],"product_cat":[25],"product_tag":[],"class_list":{"0":"post-71","1":"product","2":"type-product","3":"status-publish","4":"has-post-thumbnail","6":"product_cat-kupsised","8":"first","9":"instock","10":"shipping-taxable","11":"purchasable","12":"product-type-simple"},"jetpack_sharing_enabled":true,"_links":{"self":[{"href":"https:\/\/pood.annaedasi.ee\/index.php?rest_route=\/wp\/v2\/product\/71","targetHints":{"allow":["GET"]}}],"collection":[{"href":"https:\/\/pood.annaedasi.ee\/index.php?rest_route=\/wp\/v2\/product"}],"about":[{"href":"https:\/\/pood.annaedasi.ee\/index.php?rest_route=\/wp\/v2\/types\/product"}],"wp:featuredmedia":[{"embeddable":true,"href":"https:\/\/pood.annaedasi.ee\/index.php?rest_route=\/wp\/v2\/media\/88"}],"wp:attachment":[{"href":"https:\/\/pood.annaedasi.ee\/index.php?rest_route=%2Fwp%2Fv2%2Fmedia&parent=71"}],"wp:term":[{"taxonomy":"product_brand","embeddable":true,"href":"https:\/\/pood.annaedasi.ee\/index.php?rest_route=%2Fwp%2Fv2%2Fproduct_brand&post=71"},{"taxonomy":"product_cat","embeddable":true,"href":"https:\/\/pood.annaedasi.ee\/index.php?rest_route=%2Fwp%2Fv2%2Fproduct_cat&post=71"},{"taxonomy":"product_tag","embeddable":true,"href":"https:\/\/pood.annaedasi.ee\/index.php?rest_route=%2Fwp%2Fv2%2Fproduct_tag&post=71"}],"curies":[{"name":"wp","href":"https:\/\/api.w.org\/{rel}","templated":true}]}}