{"id":705,"date":"2025-10-09T18:29:52","date_gmt":"2025-10-09T15:29:52","guid":{"rendered":"https:\/\/pood.annaedasi.ee\/?post_type=product&#038;p=705"},"modified":"2025-10-09T18:36:45","modified_gmt":"2025-10-09T15:36:45","slug":"lahtine-pirukas-metsaseentega-15kg","status":"publish","type":"product","link":"https:\/\/pood.annaedasi.ee\/?product=lahtine-pirukas-metsaseentega-15kg","title":{"rendered":"Lahtine pirukas metsaseentega 1,5kg"},"content":{"rendered":"","protected":false},"excerpt":{"rendered":"<div>Soolase liivataina p\u00f5hi. Katteks k\u00f6\u00f6givilja, koore, juustu ja muna segu.<\/div>\n<div>KOOSTIS: v\u00f5i, jahu, hapukoor, sool, muna, k\u00f6\u00f6givili, juust, taimne koor, maitseroheline.<\/div>\n<div><\/div>\n<div><strong>jagub 8-10 inimesele<\/strong><\/div>\n","protected":false},"featured_media":81,"template":"","meta":[],"product_brand":[],"product_cat":[18],"product_tag":[],"class_list":{"0":"post-705","1":"product","2":"type-product","3":"status-publish","4":"has-post-thumbnail","6":"product_cat-lahtised-pirukad","8":"first","9":"instock","10":"shipping-taxable","11":"purchasable","12":"product-type-simple"},"jetpack_sharing_enabled":true,"_links":{"self":[{"href":"https:\/\/pood.annaedasi.ee\/index.php?rest_route=\/wp\/v2\/product\/705","targetHints":{"allow":["GET"]}}],"collection":[{"href":"https:\/\/pood.annaedasi.ee\/index.php?rest_route=\/wp\/v2\/product"}],"about":[{"href":"https:\/\/pood.annaedasi.ee\/index.php?rest_route=\/wp\/v2\/types\/product"}],"wp:featuredmedia":[{"embeddable":true,"href":"https:\/\/pood.annaedasi.ee\/index.php?rest_route=\/wp\/v2\/media\/81"}],"wp:attachment":[{"href":"https:\/\/pood.annaedasi.ee\/index.php?rest_route=%2Fwp%2Fv2%2Fmedia&parent=705"}],"wp:term":[{"taxonomy":"product_brand","embeddable":true,"href":"https:\/\/pood.annaedasi.ee\/index.php?rest_route=%2Fwp%2Fv2%2Fproduct_brand&post=705"},{"taxonomy":"product_cat","embeddable":true,"href":"https:\/\/pood.annaedasi.ee\/index.php?rest_route=%2Fwp%2Fv2%2Fproduct_cat&post=705"},{"taxonomy":"product_tag","embeddable":true,"href":"https:\/\/pood.annaedasi.ee\/index.php?rest_route=%2Fwp%2Fv2%2Fproduct_tag&post=705"}],"curies":[{"name":"wp","href":"https:\/\/api.w.org\/{rel}","templated":true}]}}