{"id":668,"date":"2025-03-29T14:27:09","date_gmt":"2025-03-29T12:27:09","guid":{"rendered":"https:\/\/pood.annaedasi.ee\/?post_type=product&#038;p=668"},"modified":"2025-03-29T15:36:57","modified_gmt":"2025-03-29T13:36:57","slug":"torditellija-meelespea","status":"publish","type":"product","link":"https:\/\/pood.annaedasi.ee\/?product=torditellija-meelespea","title":{"rendered":"Torditellija meelespea"},"content":{"rendered":"","protected":false},"excerpt":{"rendered":"<h3>E-poes toodud tordid on v\u00e4ike valik meie v\u00f5imalustest. Kirjuta kui Sul on m\u00f5ni erisoov v\u00f5i soovid lisakaunistust v\u00f5i on m\u00f5ni muu oluline k\u00fcsimus. Meil on Tartus hea hinna ja kvaliteedi suhtega tooted.<\/h3>\n","protected":false},"featured_media":621,"template":"","meta":[],"product_brand":[],"product_cat":[24],"product_tag":[],"class_list":{"0":"post-668","1":"product","2":"type-product","3":"status-publish","4":"has-post-thumbnail","6":"product_cat-tordid","8":"first","9":"instock","10":"shipping-taxable","11":"product-type-simple"},"jetpack_sharing_enabled":true,"_links":{"self":[{"href":"https:\/\/pood.annaedasi.ee\/index.php?rest_route=\/wp\/v2\/product\/668","targetHints":{"allow":["GET"]}}],"collection":[{"href":"https:\/\/pood.annaedasi.ee\/index.php?rest_route=\/wp\/v2\/product"}],"about":[{"href":"https:\/\/pood.annaedasi.ee\/index.php?rest_route=\/wp\/v2\/types\/product"}],"wp:featuredmedia":[{"embeddable":true,"href":"https:\/\/pood.annaedasi.ee\/index.php?rest_route=\/wp\/v2\/media\/621"}],"wp:attachment":[{"href":"https:\/\/pood.annaedasi.ee\/index.php?rest_route=%2Fwp%2Fv2%2Fmedia&parent=668"}],"wp:term":[{"taxonomy":"product_brand","embeddable":true,"href":"https:\/\/pood.annaedasi.ee\/index.php?rest_route=%2Fwp%2Fv2%2Fproduct_brand&post=668"},{"taxonomy":"product_cat","embeddable":true,"href":"https:\/\/pood.annaedasi.ee\/index.php?rest_route=%2Fwp%2Fv2%2Fproduct_cat&post=668"},{"taxonomy":"product_tag","embeddable":true,"href":"https:\/\/pood.annaedasi.ee\/index.php?rest_route=%2Fwp%2Fv2%2Fproduct_tag&post=668"}],"curies":[{"name":"wp","href":"https:\/\/api.w.org\/{rel}","templated":true}]}}