{"id":65,"date":"2020-04-05T17:07:07","date_gmt":"2020-04-05T17:07:07","guid":{"rendered":"https:\/\/pood.annaedasi.ee\/?post_type=product&#038;p=65"},"modified":"2024-02-01T15:21:00","modified_gmt":"2024-02-01T13:21:00","slug":"truhveltort-700-g","status":"publish","type":"product","link":"https:\/\/pood.annaedasi.ee\/?product=truhveltort-700-g","title":{"rendered":"Tr\u00fchveltort 700 g"},"content":{"rendered":"<p>Tordip\u00f5hi on valmistatud tumedate k\u00fcpsiste segust ja v\u00f5ist.<\/p>\n<p>Teine kiht koosneb 60% tumedast \u0161okolaadist, koorest, v\u00f5ist ja v\u00e4ikesest kogusest Cointreau apelsinilik\u00f6\u00f6rist valmistatud t\u00e4idisest.\u00a0Tort on kaetud kr\u00f5bedate vahvli-\u0161okolaadipallikestega.<\/p>\n<p>T\u00f5eline \u0161okolaadis\u00f5prade lemmik!<\/p>\n<p>KOOSTIS:\u00a0tumedate k\u00fcpsiste segu, v\u00f5i, kohvikoor, tume \u0161okolaad, apelsinilik\u00f6\u00f6r Cointreau<\/p>\n","protected":false},"excerpt":{"rendered":"<p>Tordip\u00f5hi on valmistatud tumedate k\u00fcpsiste segust ja v\u00f5ist. Teine kiht koosneb 60% tumedast \u0161okolaadist, koorest, v\u00f5ist ja v\u00e4ikesest kogusest Cointreau apelsinilik\u00f6\u00f6rist valmistatud t\u00e4idisest.\u00a0Tort on kaetud kr\u00f5bedate vahvli-\u0161okolaadipallikestega. T\u00f5eline \u0161okolaadis\u00f5prade lemmik! KOOSTIS:\u00a0tumedate k\u00fcpsiste segu, v\u00f5i, kohvikoor, tume \u0161okolaad, apelsinilik\u00f6\u00f6r Cointreau<\/p>\n","protected":false},"featured_media":113,"template":"","meta":[],"product_brand":[],"product_cat":[24],"product_tag":[],"class_list":{"0":"post-65","1":"product","2":"type-product","3":"status-publish","4":"has-post-thumbnail","6":"product_cat-tordid","8":"first","9":"instock","10":"shipping-taxable","11":"purchasable","12":"product-type-simple"},"jetpack_sharing_enabled":true,"_links":{"self":[{"href":"https:\/\/pood.annaedasi.ee\/index.php?rest_route=\/wp\/v2\/product\/65","targetHints":{"allow":["GET"]}}],"collection":[{"href":"https:\/\/pood.annaedasi.ee\/index.php?rest_route=\/wp\/v2\/product"}],"about":[{"href":"https:\/\/pood.annaedasi.ee\/index.php?rest_route=\/wp\/v2\/types\/product"}],"wp:featuredmedia":[{"embeddable":true,"href":"https:\/\/pood.annaedasi.ee\/index.php?rest_route=\/wp\/v2\/media\/113"}],"wp:attachment":[{"href":"https:\/\/pood.annaedasi.ee\/index.php?rest_route=%2Fwp%2Fv2%2Fmedia&parent=65"}],"wp:term":[{"taxonomy":"product_brand","embeddable":true,"href":"https:\/\/pood.annaedasi.ee\/index.php?rest_route=%2Fwp%2Fv2%2Fproduct_brand&post=65"},{"taxonomy":"product_cat","embeddable":true,"href":"https:\/\/pood.annaedasi.ee\/index.php?rest_route=%2Fwp%2Fv2%2Fproduct_cat&post=65"},{"taxonomy":"product_tag","embeddable":true,"href":"https:\/\/pood.annaedasi.ee\/index.php?rest_route=%2Fwp%2Fv2%2Fproduct_tag&post=65"}],"curies":[{"name":"wp","href":"https:\/\/api.w.org\/{rel}","templated":true}]}}