{"id":63,"date":"2020-04-05T17:05:01","date_gmt":"2020-04-05T17:05:01","guid":{"rendered":"https:\/\/pood.annaedasi.ee\/?post_type=product&#038;p=63"},"modified":"2025-03-29T19:15:28","modified_gmt":"2025-03-29T17:15:28","slug":"sokolaadi-toorjuustutort-700-g","status":"publish","type":"product","link":"https:\/\/pood.annaedasi.ee\/?product=sokolaadi-toorjuustutort-700-g","title":{"rendered":"\u0160okolaadi-toorjuustutort"},"content":{"rendered":"","protected":false},"excerpt":{"rendered":"<p>M\u00f5nusalt magus ja pehme k\u00fcpsetatud \u0161okolaaditort.<\/p>\n<p>KOOSTIS: v\u00f5i, klassikaline Kalevi k\u00fcpsis, toorjuust, Mascarpone, kohupiimapasta, hapukoor,\u00a0suhkur, muna, kohvikoor, tume \u0161okolaad<\/p>\n","protected":false},"featured_media":83,"template":"","meta":[],"product_brand":[],"product_cat":[24],"product_tag":[],"class_list":{"0":"post-63","1":"product","2":"type-product","3":"status-publish","4":"has-post-thumbnail","6":"product_cat-tordid","8":"first","9":"instock","10":"shipping-taxable","11":"purchasable","12":"product-type-variable"},"jetpack_sharing_enabled":true,"_links":{"self":[{"href":"https:\/\/pood.annaedasi.ee\/index.php?rest_route=\/wp\/v2\/product\/63","targetHints":{"allow":["GET"]}}],"collection":[{"href":"https:\/\/pood.annaedasi.ee\/index.php?rest_route=\/wp\/v2\/product"}],"about":[{"href":"https:\/\/pood.annaedasi.ee\/index.php?rest_route=\/wp\/v2\/types\/product"}],"wp:featuredmedia":[{"embeddable":true,"href":"https:\/\/pood.annaedasi.ee\/index.php?rest_route=\/wp\/v2\/media\/83"}],"wp:attachment":[{"href":"https:\/\/pood.annaedasi.ee\/index.php?rest_route=%2Fwp%2Fv2%2Fmedia&parent=63"}],"wp:term":[{"taxonomy":"product_brand","embeddable":true,"href":"https:\/\/pood.annaedasi.ee\/index.php?rest_route=%2Fwp%2Fv2%2Fproduct_brand&post=63"},{"taxonomy":"product_cat","embeddable":true,"href":"https:\/\/pood.annaedasi.ee\/index.php?rest_route=%2Fwp%2Fv2%2Fproduct_cat&post=63"},{"taxonomy":"product_tag","embeddable":true,"href":"https:\/\/pood.annaedasi.ee\/index.php?rest_route=%2Fwp%2Fv2%2Fproduct_tag&post=63"}],"curies":[{"name":"wp","href":"https:\/\/api.w.org\/{rel}","templated":true}]}}