{"id":497,"date":"2021-12-21T08:38:12","date_gmt":"2021-12-21T06:38:12","guid":{"rendered":"https:\/\/pood.annaedasi.ee\/?post_type=product&#038;p=497"},"modified":"2025-03-26T17:50:54","modified_gmt":"2025-03-26T15:50:54","slug":"vaarika-sokolaadi-kringel","status":"publish","type":"product","link":"https:\/\/pood.annaedasi.ee\/?product=vaarika-sokolaadi-kringel","title":{"rendered":"Vaarika-\u0161okolaadi kringel"},"content":{"rendered":"<p>Klassikaline kringel, milles t\u00e4idiseks rohkelt v\u00f5id. V\u00e4ga mahlane ja v\u00e4rske.<\/p>\n<p><strong>KOOSTIS<\/strong>: nisujahu v\u00f5i, p\u00e4rm, piim, kaneel, suhkur, sool, martsipan, vaarikad, \u0161okolaad.<\/p>\n<p><a href=\"https:\/\/docs.google.com\/spreadsheets\/d\/1cpRN9Lj5RXUtglFYj8DSGpFDyb-dmbfy5OZGeVkRFkg\/edit?gid=311479463#gid=311479463\">Toitumisalane info kringlid<\/a><\/p>\n<p>&nbsp;<\/p>\n","protected":false},"excerpt":{"rendered":"<p>Klassikaline kringel, milles t\u00e4idiseks rohkelt v\u00f5id. V\u00e4ga mahlane ja v\u00e4rske. KOOSTIS: nisujahu v\u00f5i, p\u00e4rm, piim, kaneel, suhkur, sool, martsipan, vaarikad, \u0161okolaad. Toitumisalane info kringlid &nbsp;<\/p>\n","protected":false},"featured_media":274,"template":"","meta":[],"product_brand":[],"product_cat":[20],"product_tag":[],"class_list":{"0":"post-497","1":"product","2":"type-product","3":"status-publish","4":"has-post-thumbnail","6":"product_cat-kringlid","8":"first","9":"instock","10":"shipping-taxable","11":"purchasable","12":"product-type-variable"},"jetpack_sharing_enabled":true,"_links":{"self":[{"href":"https:\/\/pood.annaedasi.ee\/index.php?rest_route=\/wp\/v2\/product\/497","targetHints":{"allow":["GET"]}}],"collection":[{"href":"https:\/\/pood.annaedasi.ee\/index.php?rest_route=\/wp\/v2\/product"}],"about":[{"href":"https:\/\/pood.annaedasi.ee\/index.php?rest_route=\/wp\/v2\/types\/product"}],"wp:featuredmedia":[{"embeddable":true,"href":"https:\/\/pood.annaedasi.ee\/index.php?rest_route=\/wp\/v2\/media\/274"}],"wp:attachment":[{"href":"https:\/\/pood.annaedasi.ee\/index.php?rest_route=%2Fwp%2Fv2%2Fmedia&parent=497"}],"wp:term":[{"taxonomy":"product_brand","embeddable":true,"href":"https:\/\/pood.annaedasi.ee\/index.php?rest_route=%2Fwp%2Fv2%2Fproduct_brand&post=497"},{"taxonomy":"product_cat","embeddable":true,"href":"https:\/\/pood.annaedasi.ee\/index.php?rest_route=%2Fwp%2Fv2%2Fproduct_cat&post=497"},{"taxonomy":"product_tag","embeddable":true,"href":"https:\/\/pood.annaedasi.ee\/index.php?rest_route=%2Fwp%2Fv2%2Fproduct_tag&post=497"}],"curies":[{"name":"wp","href":"https:\/\/api.w.org\/{rel}","templated":true}]}}