{"id":49,"date":"2020-04-02T21:04:38","date_gmt":"2020-04-02T21:04:38","guid":{"rendered":"https:\/\/pood.annaedasi.ee\/?post_type=product&#038;p=49"},"modified":"2024-02-01T15:27:23","modified_gmt":"2024-02-01T13:27:23","slug":"vaike-leib-400-g","status":"publish","type":"product","link":"https:\/\/pood.annaedasi.ee\/?product=vaike-leib-400-g","title":{"rendered":"V\u00e4ike leib &#8211; 400 g"},"content":{"rendered":"<p>Klassikaline rukkileib, ilma lisaaineteta, allub f\u00fc\u00fcsikaseadustele ehk kuivab aga ei hallita, seega ei l\u00e4he kildugi raisku.<\/p>\n<p>Koostis:\u00a0Rukkijahu &#8211; s\u00f5re ja j\u00e4me,<span class=\"Apple-converted-space\">\u00a0 <\/span>juuretis, vesi, sool, pisut suhkurt<\/p>\n","protected":false},"excerpt":{"rendered":"<p>Klassikaline rukkileib, ilma lisaaineteta, allub f\u00fc\u00fcsikaseadustele ehk kuivab aga ei hallita, seega ei l\u00e4he kildugi raisku. Koostis:\u00a0Rukkijahu &#8211; s\u00f5re ja j\u00e4me,\u00a0 juuretis, vesi, sool, pisut suhkurt<\/p>\n","protected":false},"featured_media":82,"template":"","meta":[],"product_brand":[],"product_cat":[19],"product_tag":[],"class_list":{"0":"post-49","1":"product","2":"type-product","3":"status-publish","4":"has-post-thumbnail","6":"product_cat-leivad-saiad","8":"first","9":"instock","10":"shipping-taxable","11":"purchasable","12":"product-type-simple"},"jetpack_sharing_enabled":true,"_links":{"self":[{"href":"https:\/\/pood.annaedasi.ee\/index.php?rest_route=\/wp\/v2\/product\/49","targetHints":{"allow":["GET"]}}],"collection":[{"href":"https:\/\/pood.annaedasi.ee\/index.php?rest_route=\/wp\/v2\/product"}],"about":[{"href":"https:\/\/pood.annaedasi.ee\/index.php?rest_route=\/wp\/v2\/types\/product"}],"wp:featuredmedia":[{"embeddable":true,"href":"https:\/\/pood.annaedasi.ee\/index.php?rest_route=\/wp\/v2\/media\/82"}],"wp:attachment":[{"href":"https:\/\/pood.annaedasi.ee\/index.php?rest_route=%2Fwp%2Fv2%2Fmedia&parent=49"}],"wp:term":[{"taxonomy":"product_brand","embeddable":true,"href":"https:\/\/pood.annaedasi.ee\/index.php?rest_route=%2Fwp%2Fv2%2Fproduct_brand&post=49"},{"taxonomy":"product_cat","embeddable":true,"href":"https:\/\/pood.annaedasi.ee\/index.php?rest_route=%2Fwp%2Fv2%2Fproduct_cat&post=49"},{"taxonomy":"product_tag","embeddable":true,"href":"https:\/\/pood.annaedasi.ee\/index.php?rest_route=%2Fwp%2Fv2%2Fproduct_tag&post=49"}],"curies":[{"name":"wp","href":"https:\/\/api.w.org\/{rel}","templated":true}]}}