{"id":421,"date":"2021-04-06T19:57:55","date_gmt":"2021-04-06T16:57:55","guid":{"rendered":"https:\/\/pood.annaedasi.ee\/?post_type=product&#038;p=421"},"modified":"2024-02-01T15:15:30","modified_gmt":"2024-02-01T13:15:30","slug":"valik-krobeleiva-ampse-lihavalikuga-ning-pasteediga","status":"publish","type":"product","link":"https:\/\/pood.annaedasi.ee\/?product=valik-krobeleiva-ampse-lihavalikuga-ning-pasteediga","title":{"rendered":"Valik Kr\u00f5beleiva ampse lihavalikuga ning pasteediga"},"content":{"rendered":"<p>Koostis: toorjuust, k\u00f6\u00f6givili, maiteroheline, kana, seasisefilee, singvaht, pasteet<\/p>\n","protected":false},"excerpt":{"rendered":"<p>Koostis: toorjuust, k\u00f6\u00f6givili, maiteroheline, kana, seasisefilee, singvaht, pasteet<\/p>\n","protected":false},"featured_media":425,"template":"","meta":[],"product_brand":[],"product_cat":[45],"product_tag":[],"class_list":{"0":"post-421","1":"product","2":"type-product","3":"status-publish","4":"has-post-thumbnail","6":"product_cat-soolased-suupisted","8":"first","9":"instock","10":"shipping-taxable","11":"purchasable","12":"product-type-variable"},"jetpack_sharing_enabled":true,"_links":{"self":[{"href":"https:\/\/pood.annaedasi.ee\/index.php?rest_route=\/wp\/v2\/product\/421","targetHints":{"allow":["GET"]}}],"collection":[{"href":"https:\/\/pood.annaedasi.ee\/index.php?rest_route=\/wp\/v2\/product"}],"about":[{"href":"https:\/\/pood.annaedasi.ee\/index.php?rest_route=\/wp\/v2\/types\/product"}],"wp:featuredmedia":[{"embeddable":true,"href":"https:\/\/pood.annaedasi.ee\/index.php?rest_route=\/wp\/v2\/media\/425"}],"wp:attachment":[{"href":"https:\/\/pood.annaedasi.ee\/index.php?rest_route=%2Fwp%2Fv2%2Fmedia&parent=421"}],"wp:term":[{"taxonomy":"product_brand","embeddable":true,"href":"https:\/\/pood.annaedasi.ee\/index.php?rest_route=%2Fwp%2Fv2%2Fproduct_brand&post=421"},{"taxonomy":"product_cat","embeddable":true,"href":"https:\/\/pood.annaedasi.ee\/index.php?rest_route=%2Fwp%2Fv2%2Fproduct_cat&post=421"},{"taxonomy":"product_tag","embeddable":true,"href":"https:\/\/pood.annaedasi.ee\/index.php?rest_route=%2Fwp%2Fv2%2Fproduct_tag&post=421"}],"curies":[{"name":"wp","href":"https:\/\/api.w.org\/{rel}","templated":true}]}}