{"id":416,"date":"2021-04-06T19:52:59","date_gmt":"2021-04-06T16:52:59","guid":{"rendered":"https:\/\/pood.annaedasi.ee\/?post_type=product&#038;p=416"},"modified":"2024-02-01T15:16:04","modified_gmt":"2024-02-01T13:16:04","slug":"valik-krobeleiva-ampse-kalaga","status":"publish","type":"product","link":"https:\/\/pood.annaedasi.ee\/?product=valik-krobeleiva-ampse-kalaga","title":{"rendered":"Valik kr\u00f5beleiva ampse kalaga"},"content":{"rendered":"<p>Koostis: kr\u00f5beleib, toorjuust, k\u00f6\u00f6givili, maiteroheline, kilu ja\u00a0 k\u00fclmsuitsul\u00f5he.<\/p>\n","protected":false},"excerpt":{"rendered":"<p>Koostis: kr\u00f5beleib, toorjuust, k\u00f6\u00f6givili, maiteroheline, kilu ja\u00a0 k\u00fclmsuitsul\u00f5he.<\/p>\n","protected":false},"featured_media":420,"template":"","meta":[],"product_brand":[],"product_cat":[45],"product_tag":[],"class_list":{"0":"post-416","1":"product","2":"type-product","3":"status-publish","4":"has-post-thumbnail","6":"product_cat-soolased-suupisted","8":"first","9":"instock","10":"shipping-taxable","11":"purchasable","12":"product-type-variable"},"jetpack_sharing_enabled":true,"_links":{"self":[{"href":"https:\/\/pood.annaedasi.ee\/index.php?rest_route=\/wp\/v2\/product\/416","targetHints":{"allow":["GET"]}}],"collection":[{"href":"https:\/\/pood.annaedasi.ee\/index.php?rest_route=\/wp\/v2\/product"}],"about":[{"href":"https:\/\/pood.annaedasi.ee\/index.php?rest_route=\/wp\/v2\/types\/product"}],"wp:featuredmedia":[{"embeddable":true,"href":"https:\/\/pood.annaedasi.ee\/index.php?rest_route=\/wp\/v2\/media\/420"}],"wp:attachment":[{"href":"https:\/\/pood.annaedasi.ee\/index.php?rest_route=%2Fwp%2Fv2%2Fmedia&parent=416"}],"wp:term":[{"taxonomy":"product_brand","embeddable":true,"href":"https:\/\/pood.annaedasi.ee\/index.php?rest_route=%2Fwp%2Fv2%2Fproduct_brand&post=416"},{"taxonomy":"product_cat","embeddable":true,"href":"https:\/\/pood.annaedasi.ee\/index.php?rest_route=%2Fwp%2Fv2%2Fproduct_cat&post=416"},{"taxonomy":"product_tag","embeddable":true,"href":"https:\/\/pood.annaedasi.ee\/index.php?rest_route=%2Fwp%2Fv2%2Fproduct_tag&post=416"}],"curies":[{"name":"wp","href":"https:\/\/api.w.org\/{rel}","templated":true}]}}