{"id":408,"date":"2021-04-06T19:38:42","date_gmt":"2021-04-06T16:38:42","guid":{"rendered":"https:\/\/pood.annaedasi.ee\/?post_type=product&#038;p=408"},"modified":"2024-02-01T15:17:31","modified_gmt":"2024-02-01T13:17:31","slug":"greperull-kulmsuitsulohega","status":"publish","type":"product","link":"https:\/\/pood.annaedasi.ee\/?product=greperull-kulmsuitsulohega","title":{"rendered":"Greperull k\u00fclmsuitsul\u00f5hega"},"content":{"rendered":"<p>KOOSTIS: jahu, muna, piim, k\u00fcpsetuspulber, sool, toorjuust, maitseroheline, tomat, parpika, riivjuust, k\u00fclmsuitsul\u00f5he.<\/p>\n","protected":false},"excerpt":{"rendered":"<p>KOOSTIS: jahu, muna, piim, k\u00fcpsetuspulber, sool, toorjuust, maitseroheline, tomat, parpika, riivjuust, k\u00fclmsuitsul\u00f5he.<\/p>\n","protected":false},"featured_media":410,"template":"","meta":[],"product_brand":[],"product_cat":[45],"product_tag":[],"class_list":{"0":"post-408","1":"product","2":"type-product","3":"status-publish","4":"has-post-thumbnail","6":"product_cat-soolased-suupisted","8":"first","9":"instock","10":"shipping-taxable","11":"purchasable","12":"product-type-variable"},"jetpack_sharing_enabled":true,"_links":{"self":[{"href":"https:\/\/pood.annaedasi.ee\/index.php?rest_route=\/wp\/v2\/product\/408","targetHints":{"allow":["GET"]}}],"collection":[{"href":"https:\/\/pood.annaedasi.ee\/index.php?rest_route=\/wp\/v2\/product"}],"about":[{"href":"https:\/\/pood.annaedasi.ee\/index.php?rest_route=\/wp\/v2\/types\/product"}],"wp:featuredmedia":[{"embeddable":true,"href":"https:\/\/pood.annaedasi.ee\/index.php?rest_route=\/wp\/v2\/media\/410"}],"wp:attachment":[{"href":"https:\/\/pood.annaedasi.ee\/index.php?rest_route=%2Fwp%2Fv2%2Fmedia&parent=408"}],"wp:term":[{"taxonomy":"product_brand","embeddable":true,"href":"https:\/\/pood.annaedasi.ee\/index.php?rest_route=%2Fwp%2Fv2%2Fproduct_brand&post=408"},{"taxonomy":"product_cat","embeddable":true,"href":"https:\/\/pood.annaedasi.ee\/index.php?rest_route=%2Fwp%2Fv2%2Fproduct_cat&post=408"},{"taxonomy":"product_tag","embeddable":true,"href":"https:\/\/pood.annaedasi.ee\/index.php?rest_route=%2Fwp%2Fv2%2Fproduct_tag&post=408"}],"curies":[{"name":"wp","href":"https:\/\/api.w.org\/{rel}","templated":true}]}}