{"id":405,"date":"2021-04-06T19:18:51","date_gmt":"2021-04-06T16:18:51","guid":{"rendered":"https:\/\/pood.annaedasi.ee\/?post_type=product&#038;p=405"},"modified":"2024-02-01T15:22:58","modified_gmt":"2024-02-01T13:22:58","slug":"bors-1l","status":"publish","type":"product","link":"https:\/\/pood.annaedasi.ee\/?product=bors-1l","title":{"rendered":"Bor\u0161 1L"},"content":{"rendered":"<p>Lihtsalt \u00fcks hea supp<\/p>\n<p>Koostis: peet, hapukapsas, kartul, porgand, sealiha, sibul, till, petersell, sool, pipar,suhkur, \u00e4\u00e4dikas.<\/p>\n<p>Suppe m\u00fc\u00fcme e-poes 1-l kaupa jahutatuna purgis, kohviku men\u00fc\u00fcst saab tellida ka portsjonina sooja suppi<\/p>\n","protected":false},"excerpt":{"rendered":"<p>Lihtsalt \u00fcks hea supp Koostis: peet, hapukapsas, kartul, porgand, sealiha, sibul, till, petersell, sool, pipar,suhkur, \u00e4\u00e4dikas. Suppe m\u00fc\u00fcme e-poes 1-l kaupa jahutatuna purgis, kohviku men\u00fc\u00fcst saab tellida ka portsjonina sooja suppi<\/p>\n","protected":false},"featured_media":406,"template":"","meta":[],"product_brand":[],"product_cat":[44],"product_tag":[],"class_list":{"0":"post-405","1":"product","2":"type-product","3":"status-publish","4":"has-post-thumbnail","6":"product_cat-supid","8":"first","9":"instock","10":"shipping-taxable","11":"purchasable","12":"product-type-simple"},"jetpack_sharing_enabled":true,"_links":{"self":[{"href":"https:\/\/pood.annaedasi.ee\/index.php?rest_route=\/wp\/v2\/product\/405","targetHints":{"allow":["GET"]}}],"collection":[{"href":"https:\/\/pood.annaedasi.ee\/index.php?rest_route=\/wp\/v2\/product"}],"about":[{"href":"https:\/\/pood.annaedasi.ee\/index.php?rest_route=\/wp\/v2\/types\/product"}],"wp:featuredmedia":[{"embeddable":true,"href":"https:\/\/pood.annaedasi.ee\/index.php?rest_route=\/wp\/v2\/media\/406"}],"wp:attachment":[{"href":"https:\/\/pood.annaedasi.ee\/index.php?rest_route=%2Fwp%2Fv2%2Fmedia&parent=405"}],"wp:term":[{"taxonomy":"product_brand","embeddable":true,"href":"https:\/\/pood.annaedasi.ee\/index.php?rest_route=%2Fwp%2Fv2%2Fproduct_brand&post=405"},{"taxonomy":"product_cat","embeddable":true,"href":"https:\/\/pood.annaedasi.ee\/index.php?rest_route=%2Fwp%2Fv2%2Fproduct_cat&post=405"},{"taxonomy":"product_tag","embeddable":true,"href":"https:\/\/pood.annaedasi.ee\/index.php?rest_route=%2Fwp%2Fv2%2Fproduct_tag&post=405"}],"curies":[{"name":"wp","href":"https:\/\/api.w.org\/{rel}","templated":true}]}}