{"id":398,"date":"2021-04-06T19:09:38","date_gmt":"2021-04-06T16:09:38","guid":{"rendered":"https:\/\/pood.annaedasi.ee\/?post_type=product&#038;p=398"},"modified":"2024-02-01T15:22:50","modified_gmt":"2024-02-01T13:22:50","slug":"kanasupp-1l","status":"publish","type":"product","link":"https:\/\/pood.annaedasi.ee\/?product=kanasupp-1l","title":{"rendered":"Kanasupp 1L"},"content":{"rendered":"<p><span style=\"font-weight: 400;\">K\u00f6\u00f6giviljade ja riisiga kanasupp<\/span><\/p>\n<p>Koostis:<span style=\"font-weight: 400;\"> kanaliha, kartul, porgand, riis, porru, sibul,,mais,paprika. pipar, karri, kurkum, sool<\/span><\/p>\n<p>Suppe m\u00fc\u00fcme e-poes 1-l kaupa jahutatuna purgis, kohviku men\u00fc\u00fcst saab tellida ka portsjonina sooja suppi<\/p>\n","protected":false},"excerpt":{"rendered":"<p>K\u00f6\u00f6giviljade ja riisiga kanasupp Koostis: kanaliha, kartul, porgand, riis, porru, sibul,,mais,paprika. pipar, karri, kurkum, sool Suppe m\u00fc\u00fcme e-poes 1-l kaupa jahutatuna purgis, kohviku men\u00fc\u00fcst saab tellida ka portsjonina sooja suppi<\/p>\n","protected":false},"featured_media":399,"template":"","meta":[],"product_brand":[],"product_cat":[44],"product_tag":[],"class_list":{"0":"post-398","1":"product","2":"type-product","3":"status-publish","4":"has-post-thumbnail","6":"product_cat-supid","8":"first","9":"instock","10":"shipping-taxable","11":"purchasable","12":"product-type-simple"},"jetpack_sharing_enabled":true,"_links":{"self":[{"href":"https:\/\/pood.annaedasi.ee\/index.php?rest_route=\/wp\/v2\/product\/398","targetHints":{"allow":["GET"]}}],"collection":[{"href":"https:\/\/pood.annaedasi.ee\/index.php?rest_route=\/wp\/v2\/product"}],"about":[{"href":"https:\/\/pood.annaedasi.ee\/index.php?rest_route=\/wp\/v2\/types\/product"}],"wp:featuredmedia":[{"embeddable":true,"href":"https:\/\/pood.annaedasi.ee\/index.php?rest_route=\/wp\/v2\/media\/399"}],"wp:attachment":[{"href":"https:\/\/pood.annaedasi.ee\/index.php?rest_route=%2Fwp%2Fv2%2Fmedia&parent=398"}],"wp:term":[{"taxonomy":"product_brand","embeddable":true,"href":"https:\/\/pood.annaedasi.ee\/index.php?rest_route=%2Fwp%2Fv2%2Fproduct_brand&post=398"},{"taxonomy":"product_cat","embeddable":true,"href":"https:\/\/pood.annaedasi.ee\/index.php?rest_route=%2Fwp%2Fv2%2Fproduct_cat&post=398"},{"taxonomy":"product_tag","embeddable":true,"href":"https:\/\/pood.annaedasi.ee\/index.php?rest_route=%2Fwp%2Fv2%2Fproduct_tag&post=398"}],"curies":[{"name":"wp","href":"https:\/\/api.w.org\/{rel}","templated":true}]}}