{"id":385,"date":"2021-04-06T18:28:26","date_gmt":"2021-04-06T15:28:26","guid":{"rendered":"https:\/\/pood.annaedasi.ee\/?post_type=product&#038;p=385"},"modified":"2024-02-01T14:56:15","modified_gmt":"2024-02-01T12:56:15","slug":"kartulisalat-ahjulihaga","status":"publish","type":"product","link":"https:\/\/pood.annaedasi.ee\/?product=kartulisalat-ahjulihaga","title":{"rendered":"Kartulisalat ahjulihaga"},"content":{"rendered":"<p><span style=\"font-weight: 400;\">Klassikaline kodune kartulisalat k\u00fcpsetatud sea sisefileega<\/span><\/p>\n<p><span style=\"font-weight: 400;\">Koostis: kartul, muna, hapukurk, sibul, sea sisefilee, hapukoor, majonees, sool, pipar (soovi korral hernes ja porgand)<\/span><\/p>\n<p>K\u00f5ik salatid on valmistatud k\u00e4sit\u00f6\u00f6na. See t\u00e4hendab, et k\u00f5ik toorained on kohapeal kooritud, keedetud ja t\u00fckeldatud k\u00e4sitsi.<\/p>\n<p>&nbsp;<\/p>\n","protected":false},"excerpt":{"rendered":"<p>Klassikaline kodune kartulisalat k\u00fcpsetatud sea sisefileega Koostis: kartul, muna, hapukurk, sibul, sea sisefilee, hapukoor, majonees, sool, pipar (soovi korral hernes ja porgand) K\u00f5ik salatid on valmistatud k\u00e4sit\u00f6\u00f6na. See t\u00e4hendab, et k\u00f5ik toorained on kohapeal kooritud, keedetud ja t\u00fckeldatud k\u00e4sitsi. &nbsp;<\/p>\n","protected":false},"featured_media":386,"template":"","meta":[],"product_brand":[],"product_cat":[40],"product_tag":[],"class_list":{"0":"post-385","1":"product","2":"type-product","3":"status-publish","4":"has-post-thumbnail","6":"product_cat-salatid","8":"first","9":"instock","10":"shipping-taxable","11":"purchasable","12":"product-type-variable"},"jetpack_sharing_enabled":true,"_links":{"self":[{"href":"https:\/\/pood.annaedasi.ee\/index.php?rest_route=\/wp\/v2\/product\/385","targetHints":{"allow":["GET"]}}],"collection":[{"href":"https:\/\/pood.annaedasi.ee\/index.php?rest_route=\/wp\/v2\/product"}],"about":[{"href":"https:\/\/pood.annaedasi.ee\/index.php?rest_route=\/wp\/v2\/types\/product"}],"wp:featuredmedia":[{"embeddable":true,"href":"https:\/\/pood.annaedasi.ee\/index.php?rest_route=\/wp\/v2\/media\/386"}],"wp:attachment":[{"href":"https:\/\/pood.annaedasi.ee\/index.php?rest_route=%2Fwp%2Fv2%2Fmedia&parent=385"}],"wp:term":[{"taxonomy":"product_brand","embeddable":true,"href":"https:\/\/pood.annaedasi.ee\/index.php?rest_route=%2Fwp%2Fv2%2Fproduct_brand&post=385"},{"taxonomy":"product_cat","embeddable":true,"href":"https:\/\/pood.annaedasi.ee\/index.php?rest_route=%2Fwp%2Fv2%2Fproduct_cat&post=385"},{"taxonomy":"product_tag","embeddable":true,"href":"https:\/\/pood.annaedasi.ee\/index.php?rest_route=%2Fwp%2Fv2%2Fproduct_tag&post=385"}],"curies":[{"name":"wp","href":"https:\/\/api.w.org\/{rel}","templated":true}]}}