{"id":15,"date":"2020-04-02T20:10:56","date_gmt":"2020-04-02T20:10:56","guid":{"rendered":"https:\/\/pood.annaedasi.ee\/?post_type=product&#038;p=15"},"modified":"2024-02-01T14:51:21","modified_gmt":"2024-02-01T12:51:21","slug":"porgandipirukas-5-tk","status":"publish","type":"product","link":"https:\/\/pood.annaedasi.ee\/?product=porgandipirukas-5-tk","title":{"rendered":"Porgandipirukas &#8211; 5 tk (400g)"},"content":{"rendered":"<p>Klassikaline p\u00e4rmitaina pirukas, kuid porgand seal sees on eriti mahlane, perenaisel on oma salanipp, kui tellid siis v\u00f5id selle saladuse kohta t\u00e4psemalt k\u00fcsida ja ise j\u00e4rgi proovida.<\/p>\n<p>Koostis:\u00a0p\u00e4rm, nisujahu, sool, pipar, porgand, \u00f5li<span class=\"Apple-converted-space\">\u00a0<\/span><\/p>\n","protected":false},"excerpt":{"rendered":"<p>Klassikaline p\u00e4rmitaina pirukas, kuid porgand seal sees on eriti mahlane, perenaisel on oma salanipp, kui tellid siis v\u00f5id selle saladuse kohta t\u00e4psemalt k\u00fcsida ja ise j\u00e4rgi proovida. Koostis:\u00a0p\u00e4rm, nisujahu, sool, pipar, porgand, \u00f5li\u00a0<\/p>\n","protected":false},"featured_media":281,"template":"","meta":[],"product_brand":[],"product_cat":[16],"product_tag":[],"class_list":{"0":"post-15","1":"product","2":"type-product","3":"status-publish","4":"has-post-thumbnail","6":"product_cat-pirukad","8":"first","9":"instock","10":"shipping-taxable","11":"purchasable","12":"product-type-simple"},"jetpack_sharing_enabled":true,"_links":{"self":[{"href":"https:\/\/pood.annaedasi.ee\/index.php?rest_route=\/wp\/v2\/product\/15","targetHints":{"allow":["GET"]}}],"collection":[{"href":"https:\/\/pood.annaedasi.ee\/index.php?rest_route=\/wp\/v2\/product"}],"about":[{"href":"https:\/\/pood.annaedasi.ee\/index.php?rest_route=\/wp\/v2\/types\/product"}],"wp:featuredmedia":[{"embeddable":true,"href":"https:\/\/pood.annaedasi.ee\/index.php?rest_route=\/wp\/v2\/media\/281"}],"wp:attachment":[{"href":"https:\/\/pood.annaedasi.ee\/index.php?rest_route=%2Fwp%2Fv2%2Fmedia&parent=15"}],"wp:term":[{"taxonomy":"product_brand","embeddable":true,"href":"https:\/\/pood.annaedasi.ee\/index.php?rest_route=%2Fwp%2Fv2%2Fproduct_brand&post=15"},{"taxonomy":"product_cat","embeddable":true,"href":"https:\/\/pood.annaedasi.ee\/index.php?rest_route=%2Fwp%2Fv2%2Fproduct_cat&post=15"},{"taxonomy":"product_tag","embeddable":true,"href":"https:\/\/pood.annaedasi.ee\/index.php?rest_route=%2Fwp%2Fv2%2Fproduct_tag&post=15"}],"curies":[{"name":"wp","href":"https:\/\/api.w.org\/{rel}","templated":true}]}}