{"id":3,"date":"2020-04-02T22:50:37","date_gmt":"2020-04-02T22:50:37","guid":{"rendered":"https:\/\/pood.annaedasi.ee\/?page_id=3"},"modified":"2020-04-14T21:31:50","modified_gmt":"2020-04-14T18:31:50","slug":"privacy-policy","status":"publish","type":"page","link":"https:\/\/pood.annaedasi.ee\/?page_id=3","title":{"rendered":"Isikuandmete t\u00f6\u00f6tlemine"},"content":{"rendered":"\n<p>Isikuandmeid t\u00f6\u00f6tleb:<br>Anna Edasi O\u00dc <br>Reg. nr. 11651746<br>T\u00e4he 20, Tartu, 50103<br>Telefon (+372)5146920 <br>Email: annaedasi@gmail.com<\/p>\n\n\n\n<p><strong>T\u00f6\u00f6deldavad isikuandmed<\/strong> <\/p>\n\n\n\n<p>Ees- ja perekonnanimi; Telefoni number; E-mail; Kaupade ja teenuste maksumus; Pangakonto number. <\/p>\n\n\n\n<p><strong>Isikuandmete t\u00f6\u00f6tlemise eesm\u00e4rk<\/strong> <\/p>\n\n\n\n<p>Isikuandmeid kasutatakse kliendi tellimuste haldamiseks ja kauba kohaletoimetamiseks. Ostuajaloo andmeid (ostu kuup\u00e4ev, kaup, kogus, kliendi andmed) kasutatakse ostetud kaupade ja teenuste \u00fclevaate koostamiseks ning kliendieelistuste anal\u00fc\u00fcsimiseks. Pangakonto numbrit kasutatakse kliendile maksete tagastamiseks. Isikuandmeid nagu e-post, telefoni nr, kliendi nimi, t\u00f6\u00f6deldakse selleks, et lahendada kaupade ja teenuste osutamise seonduvaid k\u00fcsimusi (klienditugi). Veebipoe kasutaja IP-aadressi v\u00f5i teisi v\u00f5rguidentifikaatoreid t\u00f6\u00f6deldakse veebipoe kui info\u00fchiskonna teenuse osutamiseks ning veebikasutusstatistika tegemiseks. <\/p>\n\n\n\n<p><strong>\u00d5iguslik alus<\/strong><\/p>\n\n\n\n<p>Isikuandmete t\u00f6\u00f6tlemine toimub kliendiga s\u00f5lmitud lepingu t\u00e4itmise eesm\u00e4rgil. Isikuandmete t\u00f6\u00f6tlemine toimub juriidilise kohustuse t\u00e4itmiseks (nt raamatupidamine ja tarbijavaidluste lahendamine). <\/p>\n\n\n\n<p><strong>Vastuv\u00f5tjad kellele info edastatakse<\/strong> <\/p>\n\n\n\n<p>Isikuandmed edastatakse veebipoe klienditoele ostude ja ostuajaloo haldamiseks ja kliendiprobleemide lahendamiseks. Nimi, telefoninumber ja e-posti aadress edastatakse kliendi poolt valitud transporditeenuse pakkujale. Kui tegemist on kulleriga kohale toimetatava kaubaga, siis edastatakse lisaks kontaktandmetele ka kliendi aadress. Isikuandmed edastatakse teenusepakkuja poolt osutatavale raamatupidajale. Isikuandmeid v\u00f5idakse edastada infotehnoloogia teenuste pakkujatele, kui see on vajalik veebipoe funktsionaalsuse v\u00f5i andmemajutuse tagamiseks. <\/p>\n\n\n\n<p><strong>Turvalisus ja andmete ligip\u00e4\u00e4s<\/strong> <\/p>\n\n\n\n<p>Isikuandmeid hoitakse zone.ee serverites, mis asuvad Euroopa Liidu liikmesriigi v\u00f5i Euroopa Liidu majanduspiirkonnaga liitunud riikide territooriumil. Andmeid v\u00f5idakse edastada riikidesse, mille andmekaitse taset on Euroopa Komisjon hinnanud piisavaks ning USA ettev\u00f5tetele, kes on liitund andmekaitse kilbi (Privacy Shield) raamistikuga. Juurdep\u00e4\u00e4s isikuandmetele on veebipoe t\u00f6\u00f6tajatel, kes saavad isikuandmetega tutvuda selleks, et lahendada veebipoe kasutamisega seonduvaid tehnilisi k\u00fcsimusi ning osutada klienditoe teenust. Veebipood rakendab asjakohaseid f\u00fc\u00fcsilisi, organisatsioonilisi ja infotehnilisi turvameetmeid, et kaitsta isikuandmeid juhusliku v\u00f5i ebaseadusliku h\u00e4vitamise, kaotsimineku, muutmise v\u00f5i loata juurdep\u00e4\u00e4su ja avalikustamise eest. Isikuandmete edastamine veebipoe volitatud t\u00f6\u00f6tlejatele (nt transporditeenuse pakkuja ja andmemajutus) toimub veebipoe ja volitatud t\u00f6\u00f6tlejatega s\u00f5lmitud lepingute alusel. Volitatud t\u00f6\u00f6tlejaid on kohustatud tagama isikuandmete t\u00f6\u00f6tlemisel asjakohased kaitsemeetmed. <\/p>\n\n\n\n<p><strong>Isikuandmetega tutuvumine ja parandamine<\/strong> <\/p>\n\n\n\n<p>Isikuandmetega saab tutvuda ja teha parandusi veebipoe kasutajaprofiilis. Kui ost on sooritatud ilma kasutajakontota, siis saab tutvuda isikuandmetega klinditoe vahendusel. <\/p>\n\n\n\n<p><strong>N\u00f5usoleku tagasiv\u00f5tmine<\/strong> <\/p>\n\n\n\n<p>Kui isikundmete t\u00f6\u00f6tlemine toimub kliendi n\u00f5usoleku alusel, siis on kliendil \u00f5igus n\u00f5usolek tagasi v\u00f5tta teavitades sellest kliendituge e-posti teel. <\/p>\n\n\n\n<p><strong>S\u00e4ilitamine <\/strong><\/p>\n\n\n\n<p>Veebipoe kliendikonto sulgemisel kustutatakse isikuandmed, va juhul kui selliseid andmeid on vaja s\u00e4ilitada raamatupidamise jaoks v\u00f5i tarbijavaidluste lahendamiseks. Kui veebipoes on ost sooritatud ilma kliendikontota, siis s\u00e4ilitatakse ostuajalugu kolm aastat. Maksetega ja tarbijavaidlustega seotud vaidluste korral s\u00e4ilitatakse isikuandmed kuni n\u00f5ude t\u00e4itmiseni v\u00f5i aegumist\u00e4htaja l\u00f5puni. Raamatupidamise jaoks vajalikud isikuandmed s\u00e4ilitatakse seitse aastat. <\/p>\n\n\n\n<p><strong>Kustutamine<\/strong> <\/p>\n\n\n\n<p>Isikuandmete kustutamiseks tuleb v\u00f5tta \u00fchendust klienditoega e-posti teel. Kustutamistaotlusele vastatakse mitte hiljem kui kuu aja jooksul ning t\u00e4psustakse andmete kustutamise perioodi. <\/p>\n","protected":false},"excerpt":{"rendered":"<p>Isikuandmeid t\u00f6\u00f6tleb:Anna Edasi O\u00dc Reg. nr. 11651746T\u00e4he 20, Tartu, 50103Telefon (+372)5146920 Email: annaedasi@gmail.com T\u00f6\u00f6deldavad isikuandmed Ees- ja perekonnanimi; Telefoni number; E-mail; Kaupade ja teenuste maksumus; Pangakonto number. Isikuandmete t\u00f6\u00f6tlemise eesm\u00e4rk Isikuandmeid kasutatakse kliendi tellimuste haldamiseks ja kauba kohaletoimetamiseks. Ostuajaloo andmeid (ostu kuup\u00e4ev, kaup, kogus, kliendi andmed) kasutatakse ostetud kaupade ja teenuste \u00fclevaate koostamiseks ning kliendieelistuste [&hellip;]<\/p>\n","protected":false},"author":1,"featured_media":0,"parent":0,"menu_order":0,"comment_status":"closed","ping_status":"open","template":"","meta":{"footnotes":""},"class_list":["post-3","page","type-page","status-publish","hentry"],"jetpack_sharing_enabled":true,"_links":{"self":[{"href":"https:\/\/pood.annaedasi.ee\/index.php?rest_route=\/wp\/v2\/pages\/3","targetHints":{"allow":["GET"]}}],"collection":[{"href":"https:\/\/pood.annaedasi.ee\/index.php?rest_route=\/wp\/v2\/pages"}],"about":[{"href":"https:\/\/pood.annaedasi.ee\/index.php?rest_route=\/wp\/v2\/types\/page"}],"author":[{"embeddable":true,"href":"https:\/\/pood.annaedasi.ee\/index.php?rest_route=\/wp\/v2\/users\/1"}],"replies":[{"embeddable":true,"href":"https:\/\/pood.annaedasi.ee\/index.php?rest_route=%2Fwp%2Fv2%2Fcomments&post=3"}],"version-history":[{"count":4,"href":"https:\/\/pood.annaedasi.ee\/index.php?rest_route=\/wp\/v2\/pages\/3\/revisions"}],"predecessor-version":[{"id":322,"href":"https:\/\/pood.annaedasi.ee\/index.php?rest_route=\/wp\/v2\/pages\/3\/revisions\/322"}],"wp:attachment":[{"href":"https:\/\/pood.annaedasi.ee\/index.php?rest_route=%2Fwp%2Fv2%2Fmedia&parent=3"}],"curies":[{"name":"wp","href":"https:\/\/api.w.org\/{rel}","templated":true}]}}