{"id":152,"date":"2020-04-06T16:29:32","date_gmt":"2020-04-06T16:29:32","guid":{"rendered":"https:\/\/pood.annaedasi.ee\/?page_id=152"},"modified":"2025-03-26T16:54:58","modified_gmt":"2025-03-26T14:54:58","slug":"tellimisinfo","status":"publish","type":"page","link":"https:\/\/pood.annaedasi.ee\/?page_id=152","title":{"rendered":"Tellimistingimused"},"content":{"rendered":"\n<p>Tellimused tuleb esitada v\u00e4hemalt 1 t\u00f6\u00f6p\u00e4ev enne tellimuse v\u00e4ljastamist ehk tellimise ja v\u00e4ljastamise vahele peab j\u00e4\u00e4ma v\u00e4hemalt \u00fcks t\u00f6\u00f6p\u00e4ev. Seega j\u00e4rgmiseks t\u00f6\u00f6p\u00e4evaks tellimusi esitada ei saa. Tungiva soovi korral v\u00f5tke \u00fchendust_ 514 6920.<\/p>\n\n\n\n<p>P\u00e4rast tellimuse esitamist saadame Teile e-arve, mille saate tasuda \u00fclekandega v\u00f5i kauba k\u00e4ttesaamisel sularahas v\u00f5i kaardimaksega.<\/p>\n\n\n\n<p>Kindlasti \u00e4ra unusta oma telefoninumbrit, et saaksime vajadusel Teiega \u00fchendust v\u00f5tta.&nbsp;<\/p>\n\n\n\n<p>Kui on m\u00f5ni k\u00fcsimus v\u00f5i m\u00f5te siis helistage kohe: 514 6920<\/p>\n\n\n\n<p>Soovi korral on v\u00f5imalik tellida transport kulleriga.<\/p>\n\n\n\n<p><strong>Kontakt<\/strong><\/p>\n\n\n\n<p>Toitlustusjuht:&nbsp;<strong>Silver Urbas 514 6920<\/strong><\/p>\n\n\n\n<p>julgelt v\u00f5ib helistada iga t\u00f6\u00f6p\u00e4ev (<strong>09.00-19.00<\/strong>)<\/p>\n\n\n\n<p>E-kiri:&nbsp;<a href=\"mailto:annaedasi@gmail.com\">annaedasi@gmail.com<\/a><\/p>\n\n\n\n<p>Aadress: T\u00e4he 20, Tartu<\/p>\n\n\n\n<p>O\u00dc Anna Edasi<\/p>\n","protected":false},"excerpt":{"rendered":"<p>Tellimused tuleb esitada v\u00e4hemalt 1 t\u00f6\u00f6p\u00e4ev enne tellimuse v\u00e4ljastamist ehk tellimise ja v\u00e4ljastamise vahele peab j\u00e4\u00e4ma v\u00e4hemalt \u00fcks t\u00f6\u00f6p\u00e4ev. Seega j\u00e4rgmiseks t\u00f6\u00f6p\u00e4evaks tellimusi esitada ei saa. Tungiva soovi korral v\u00f5tke \u00fchendust_ 514 6920. P\u00e4rast tellimuse esitamist saadame Teile e-arve, mille saate tasuda \u00fclekandega v\u00f5i kauba k\u00e4ttesaamisel sularahas v\u00f5i kaardimaksega. Kindlasti \u00e4ra unusta oma telefoninumbrit, et [&hellip;]<\/p>\n","protected":false},"author":1,"featured_media":0,"parent":0,"menu_order":0,"comment_status":"closed","ping_status":"closed","template":"","meta":{"footnotes":""},"class_list":["post-152","page","type-page","status-publish","hentry"],"jetpack_sharing_enabled":true,"_links":{"self":[{"href":"https:\/\/pood.annaedasi.ee\/index.php?rest_route=\/wp\/v2\/pages\/152","targetHints":{"allow":["GET"]}}],"collection":[{"href":"https:\/\/pood.annaedasi.ee\/index.php?rest_route=\/wp\/v2\/pages"}],"about":[{"href":"https:\/\/pood.annaedasi.ee\/index.php?rest_route=\/wp\/v2\/types\/page"}],"author":[{"embeddable":true,"href":"https:\/\/pood.annaedasi.ee\/index.php?rest_route=\/wp\/v2\/users\/1"}],"replies":[{"embeddable":true,"href":"https:\/\/pood.annaedasi.ee\/index.php?rest_route=%2Fwp%2Fv2%2Fcomments&post=152"}],"version-history":[{"count":7,"href":"https:\/\/pood.annaedasi.ee\/index.php?rest_route=\/wp\/v2\/pages\/152\/revisions"}],"predecessor-version":[{"id":599,"href":"https:\/\/pood.annaedasi.ee\/index.php?rest_route=\/wp\/v2\/pages\/152\/revisions\/599"}],"wp:attachment":[{"href":"https:\/\/pood.annaedasi.ee\/index.php?rest_route=%2Fwp%2Fv2%2Fmedia&parent=152"}],"curies":[{"name":"wp","href":"https:\/\/api.w.org\/{rel}","templated":true}]}}